
{"id":510,"date":"2012-05-13T17:37:46","date_gmt":"2012-05-13T17:37:46","guid":{"rendered":"http:\/\/www.ariane-ehinger.de\/?page_id=510"},"modified":"2024-10-01T12:06:22","modified_gmt":"2024-10-01T12:06:22","slug":"aktuelles","status":"publish","type":"page","link":"https:\/\/www.ariane-ehinger.de\/?page_id=510","title":{"rendered":"Aktuelles"},"content":{"rendered":"\n<p><strong>Skulpturenweg Karsee<\/strong>, ganzj\u00e4hrig <\/p>\n\n\n\n<p><\/p>\n\n\n\n<p><strong>Atelierausstellung Bad Waldsee-Vorderurbach<\/strong>, ganzj\u00e4hrig<\/p>\n\n\n\n<p><\/p>\n\n\n\n<p>Bad W\u00f6rishofen,  Kemptenerstra\u00dfe3, in den Kunstwerken<\/p>\n\n\n\n<p>Mitgliederausstellung  zum Thema  SINNENTANZ<\/p>\n\n\n\n<p>2. Bis 20. Oktober 2024<\/p>\n\n\n\n<p>Vernissage 2.10.  Um 19 Uhr <\/p>\n\n\n\n<p>ge\u00f6ffnet  3.10.,  5\/6.10.,  12\/13. 10.  , 19.\/20.10,<\/p>\n\n\n\n<p>jeweils 11-18 Uhr <\/p>\n\n\n\n<p><\/p>\n\n\n\n<p>Kornhaus Bad Waldsee <\/p>\n\n\n\n<p>Waldseer K\u00fcnstler stellen aus <\/p>\n\n\n\n<p>13.10. bis 3. 11 2024<\/p>\n\n\n\n<p>Freitag  13.30- 19 Uhr <\/p>\n\n\n\n<p>Samstag\/Sonntag 13.30 bis 17 Uhr <\/p>\n\n\n\n<p><\/p>\n","protected":false},"excerpt":{"rendered":"<p>Skulpturenweg Karsee, ganzj\u00e4hrig Atelierausstellung Bad Waldsee-Vorderurbach, ganzj\u00e4hrig Bad W\u00f6rishofen, Kemptenerstra\u00dfe3, in den Kunstwerken Mitgliederausstellung zum Thema SINNENTANZ 2. Bis 20. Oktober 2024 Vernissage 2.10. Um 19 Uhr ge\u00f6ffnet 3.10., 5\/6.10., 12\/13. 10. , 19.\/20.10, jeweils 11-18 Uhr Kornhaus Bad Waldsee Waldseer K\u00fcnstler stellen aus 13.10. bis 3. 11 2024 Freitag 13.30- 19 Uhr Samstag\/Sonntag 13.30 [&hellip;]<\/p>\n","protected":false},"author":1,"featured_media":0,"parent":0,"menu_order":1,"comment_status":"closed","ping_status":"closed","template":"","meta":{"footnotes":""},"class_list":["post-510","page","type-page","status-publish","hentry"],"_links":{"self":[{"href":"https:\/\/www.ariane-ehinger.de\/index.php?rest_route=\/wp\/v2\/pages\/510","targetHints":{"allow":["GET"]}}],"collection":[{"href":"https:\/\/www.ariane-ehinger.de\/index.php?rest_route=\/wp\/v2\/pages"}],"about":[{"href":"https:\/\/www.ariane-ehinger.de\/index.php?rest_route=\/wp\/v2\/types\/page"}],"author":[{"embeddable":true,"href":"https:\/\/www.ariane-ehinger.de\/index.php?rest_route=\/wp\/v2\/users\/1"}],"replies":[{"embeddable":true,"href":"https:\/\/www.ariane-ehinger.de\/index.php?rest_route=%2Fwp%2Fv2%2Fcomments&post=510"}],"version-history":[{"count":108,"href":"https:\/\/www.ariane-ehinger.de\/index.php?rest_route=\/wp\/v2\/pages\/510\/revisions"}],"predecessor-version":[{"id":1520,"href":"https:\/\/www.ariane-ehinger.de\/index.php?rest_route=\/wp\/v2\/pages\/510\/revisions\/1520"}],"wp:attachment":[{"href":"https:\/\/www.ariane-ehinger.de\/index.php?rest_route=%2Fwp%2Fv2%2Fmedia&parent=510"}],"curies":[{"name":"wp","href":"https:\/\/api.w.org\/{rel}","templated":true}]}}